{"id":5568,"date":"2024-12-16T11:23:00","date_gmt":"2024-12-16T10:23:00","guid":{"rendered":"https:\/\/senjafjordhotell.no\/?page_id=5568"},"modified":"2025-11-19T09:47:20","modified_gmt":"2025-11-19T08:47:20","slug":"arctic-bus-route-senja-tromso-senja","status":"publish","type":"page","link":"https:\/\/senjafjordhotell.no\/en\/about\/getting-here\/arctic-bus-route-senja-tromso-senja\/","title":{"rendered":"Senja direckt &#8211; Troms\u00f8 &#8211; Senja"},"content":{"rendered":"<h2>Senja Direct Troms\u00f8 &#8211; Senja<\/h2>\n<p><strong><a href=\"https:\/\/booking.bestarctic.com\/en\/to-do\/2667824\/arctic-route-senja-troms%c3%b8-senja\/showdetails?search=cbispid%3D2667824\">Book now<\/a><\/strong><\/p>\n<p>The Arctic Route Senja &#8211; Troms\u00f8 is a direct winter bus service to the adventurous islands of Senja and Dyr\u00f8y. The route starts in Troms\u00f8, goes via Finnsnes harbour, and continues to various destinations on Senja, including Skrolsvik (south), Torsken (west), and Mefjordv\u00e6r (north).<\/p>\n<p>The bus route has several meeting points in Troms\u00f8 (Troms\u00f8 Airport and Troms\u00f8 Bus Terminal Prostneset in the city centre), Finnsnes, Skrolsvik, Torsken, Hamn i Senja, Norwegian Wild, and Mefjordv\u00e6r, ensuring convenient access for passengers. We offer 3 routes that meet at Finnsnes.<\/p>\n<p>The bus travels directly from Troms\u00f8 to Finnsnes without stopping, and Finnsnes harbour serves as a hub for the 3 bus lines to Senja, as well as connections to passenger ferries and coastal cruise ships.<\/p>\n<p><strong>About the route:<\/strong><\/p>\n<ul>\n<li>The bus line operates from December 1th to March 31st, 25\/26.<\/li>\n<li>Departure from Prostneset Harbour Terminal at 15:25 (3:25 PM) &#8211; possibility for guests arriving later to stay overnight in Troms\u00f8 and hop on the bus the next day<\/li>\n<li>Bus change at Finnsnes quay for those going towards South Senja and Mefjordv\u00e6r.<\/li>\n<li>Companies in Dyr\u00f8y can pick up their guests at Finnsnes quay.<\/li>\n<li>Departure to Troms\u00f8 from Senja&#8217;s final destinations at 07:55 (7:55 AM)<\/li>\n<li>Arrival at Prostneset Harbour Terminal at 12:00 (12 PM) on return<\/li>\n<\/ul>\n<p><strong>About the main bus:<\/strong><\/p>\n<ul>\n<li>Toilet<\/li>\n<li>Refrigerator and coffee machine<\/li>\n<li>Wi-Fi<\/li>\n<li>Card terminal &#8211; direct payment for walk-in<\/li>\n<\/ul>\n<p><strong>Price overview:<\/strong><\/p>\n<ul>\n<li>Transport between Troms\u00f8 and Senja costs 750 NOK per person<\/li>\n<li>Transport between Troms\u00f8 and Finnsneskaia costs 400 NOK per person<\/li>\n<li>Transport on Senja, including Finnsneskaia, costs 350 NOK per person<\/li>\n<\/ul>\n<p><strong><a href=\"https:\/\/booking.bestarctic.com\/en\/to-do\/2667824\/arctic-route-senja-troms%c3%b8-senja\/showdetails?search=cbispid%3D2667824\">Book now<\/a><\/strong><\/p>\n","protected":false},"excerpt":{"rendered":"<p>Senja Direct Troms\u00f8 &#8211; Senja Book now The Arctic Route Senja &#8211; Troms\u00f8 is a &hellip; <\/p>\n<p class=\"read-more-link\"><a href=\"https:\/\/senjafjordhotell.no\/en\/about\/getting-here\/arctic-bus-route-senja-tromso-senja\/\">Read more<span class=\"screen-reader-text\"> &#8220;Senja direckt &#8211; Troms\u00f8 &#8211; Senja&#8221;<\/span><\/a><\/p>\n","protected":false},"author":1,"featured_media":5562,"parent":690,"menu_order":0,"comment_status":"closed","ping_status":"closed","template":"","meta":{"_acf_changed":false,"footnotes":""},"class_list":["post-5568","page","type-page","status-publish","has-post-thumbnail","hentry"],"acf":[],"yoast_head":"<!-- This site is optimized with the Yoast SEO plugin v27.3 - https:\/\/yoast.com\/product\/yoast-seo-wordpress\/ -->\n<title>How to get to Senja - Senja direckt - Troms\u00f8 - Senja | Senja fjordhotell<\/title>\n<meta name=\"description\" content=\"Want to visit the magical island of Senja? Take the direct bus from Tromso. The best and most beautiful way to travel.\" \/>\n<meta name=\"robots\" content=\"index, follow, max-snippet:-1, max-image-preview:large, max-video-preview:-1\" \/>\n<link rel=\"canonical\" href=\"https:\/\/senjafjordhotell.no\/en\/about\/getting-here\/arctic-bus-route-senja-tromso-senja\/\" \/>\n<meta property=\"og:locale\" content=\"en_US\" \/>\n<meta property=\"og:type\" content=\"article\" \/>\n<meta property=\"og:title\" content=\"How to get to Senja - Senja direckt - Troms\u00f8 - Senja | Senja fjordhotell\" \/>\n<meta property=\"og:description\" content=\"Want to visit the magical island of Senja? Take the direct bus from Tromso. The best and most beautiful way to travel.\" \/>\n<meta property=\"og:url\" content=\"https:\/\/senjafjordhotell.no\/en\/about\/getting-here\/arctic-bus-route-senja-tromso-senja\/\" \/>\n<meta property=\"og:site_name\" content=\"Senja fjordhotell\" \/>\n<meta property=\"article:publisher\" content=\"https:\/\/www.facebook.com\/frovaghavfiske\/\" \/>\n<meta property=\"article:modified_time\" content=\"2025-11-19T08:47:20+00:00\" \/>\n<meta property=\"og:image\" content=\"https:\/\/senjafjordhotell.no\/wp-content\/uploads\/2024\/12\/buss-tromso-senja.jpeg\" \/>\n\t<meta property=\"og:image:width\" content=\"1200\" \/>\n\t<meta property=\"og:image:height\" content=\"900\" \/>\n\t<meta property=\"og:image:type\" content=\"image\/jpeg\" \/>\n<meta name=\"twitter:card\" content=\"summary_large_image\" \/>\n<meta name=\"twitter:label1\" content=\"Est. reading time\" \/>\n\t<meta name=\"twitter:data1\" content=\"2 minutes\" \/>\n<script type=\"application\/ld+json\" class=\"yoast-schema-graph\">{\"@context\":\"https:\\\/\\\/schema.org\",\"@graph\":[{\"@type\":\"WebPage\",\"@id\":\"https:\\\/\\\/senjafjordhotell.no\\\/en\\\/about\\\/getting-here\\\/arctic-bus-route-senja-tromso-senja\\\/\",\"url\":\"https:\\\/\\\/senjafjordhotell.no\\\/en\\\/about\\\/getting-here\\\/arctic-bus-route-senja-tromso-senja\\\/\",\"name\":\"How to get to Senja - Senja direckt - Troms\u00f8 - Senja | Senja fjordhotell\",\"isPartOf\":{\"@id\":\"https:\\\/\\\/senjafjordhotell.no\\\/#website\"},\"primaryImageOfPage\":{\"@id\":\"https:\\\/\\\/senjafjordhotell.no\\\/en\\\/about\\\/getting-here\\\/arctic-bus-route-senja-tromso-senja\\\/#primaryimage\"},\"image\":{\"@id\":\"https:\\\/\\\/senjafjordhotell.no\\\/en\\\/about\\\/getting-here\\\/arctic-bus-route-senja-tromso-senja\\\/#primaryimage\"},\"thumbnailUrl\":\"https:\\\/\\\/senjafjordhotell.no\\\/wp-content\\\/uploads\\\/2024\\\/12\\\/buss-tromso-senja.jpeg\",\"datePublished\":\"2024-12-16T10:23:00+00:00\",\"dateModified\":\"2025-11-19T08:47:20+00:00\",\"description\":\"Want to visit the magical island of Senja? Take the direct bus from Tromso. The best and most beautiful way to travel.\",\"breadcrumb\":{\"@id\":\"https:\\\/\\\/senjafjordhotell.no\\\/en\\\/about\\\/getting-here\\\/arctic-bus-route-senja-tromso-senja\\\/#breadcrumb\"},\"inLanguage\":\"en-US\",\"potentialAction\":[{\"@type\":\"ReadAction\",\"target\":[\"https:\\\/\\\/senjafjordhotell.no\\\/en\\\/about\\\/getting-here\\\/arctic-bus-route-senja-tromso-senja\\\/\"]}]},{\"@type\":\"ImageObject\",\"inLanguage\":\"en-US\",\"@id\":\"https:\\\/\\\/senjafjordhotell.no\\\/en\\\/about\\\/getting-here\\\/arctic-bus-route-senja-tromso-senja\\\/#primaryimage\",\"url\":\"https:\\\/\\\/senjafjordhotell.no\\\/wp-content\\\/uploads\\\/2024\\\/12\\\/buss-tromso-senja.jpeg\",\"contentUrl\":\"https:\\\/\\\/senjafjordhotell.no\\\/wp-content\\\/uploads\\\/2024\\\/12\\\/buss-tromso-senja.jpeg\",\"width\":1200,\"height\":900},{\"@type\":\"BreadcrumbList\",\"@id\":\"https:\\\/\\\/senjafjordhotell.no\\\/en\\\/about\\\/getting-here\\\/arctic-bus-route-senja-tromso-senja\\\/#breadcrumb\",\"itemListElement\":[{\"@type\":\"ListItem\",\"position\":1,\"name\":\"Home\",\"item\":\"https:\\\/\\\/senjafjordhotell.no\\\/en\\\/\"},{\"@type\":\"ListItem\",\"position\":2,\"name\":\"About us\",\"item\":\"https:\\\/\\\/senjafjordhotell.no\\\/en\\\/about\\\/\"},{\"@type\":\"ListItem\",\"position\":3,\"name\":\"Getting here\",\"item\":\"https:\\\/\\\/senjafjordhotell.no\\\/en\\\/about\\\/getting-here\\\/\"},{\"@type\":\"ListItem\",\"position\":4,\"name\":\"Senja direckt &#8211; Troms\u00f8 &#8211; Senja\"}]},{\"@type\":\"WebSite\",\"@id\":\"https:\\\/\\\/senjafjordhotell.no\\\/#website\",\"url\":\"https:\\\/\\\/senjafjordhotell.no\\\/\",\"name\":\"Senja fjordhotell\",\"description\":\"Idyllisk p\u00e5 vakre S\u00f8r-Senja\",\"publisher\":{\"@id\":\"https:\\\/\\\/senjafjordhotell.no\\\/#organization\"},\"potentialAction\":[{\"@type\":\"SearchAction\",\"target\":{\"@type\":\"EntryPoint\",\"urlTemplate\":\"https:\\\/\\\/senjafjordhotell.no\\\/?s={search_term_string}\"},\"query-input\":{\"@type\":\"PropertyValueSpecification\",\"valueRequired\":true,\"valueName\":\"search_term_string\"}}],\"inLanguage\":\"en-US\"},{\"@type\":\"Organization\",\"@id\":\"https:\\\/\\\/senjafjordhotell.no\\\/#organization\",\"name\":\"Senja fjordhotell & Frovag havfiske\",\"url\":\"https:\\\/\\\/senjafjordhotell.no\\\/\",\"logo\":{\"@type\":\"ImageObject\",\"inLanguage\":\"en-US\",\"@id\":\"https:\\\/\\\/senjafjordhotell.no\\\/#\\\/schema\\\/logo\\\/image\\\/\",\"url\":\"https:\\\/\\\/senjafjordhotell.no\\\/wp-content\\\/uploads\\\/2025\\\/06\\\/logo-senja-fjordhotell.png\",\"contentUrl\":\"https:\\\/\\\/senjafjordhotell.no\\\/wp-content\\\/uploads\\\/2025\\\/06\\\/logo-senja-fjordhotell.png\",\"width\":200,\"height\":182,\"caption\":\"Senja fjordhotell & Frovag havfiske\"},\"image\":{\"@id\":\"https:\\\/\\\/senjafjordhotell.no\\\/#\\\/schema\\\/logo\\\/image\\\/\"},\"sameAs\":[\"https:\\\/\\\/www.facebook.com\\\/frovaghavfiske\\\/\",\"https:\\\/\\\/www.youtube.com\\\/channel\\\/UCiUTrcivGCDv_f0XDPJggFQ\"]}]}<\/script>\n<!-- \/ Yoast SEO plugin. -->","yoast_head_json":{"title":"How to get to Senja - Senja direckt - Troms\u00f8 - Senja | Senja fjordhotell","description":"Want to visit the magical island of Senja? Take the direct bus from Tromso. The best and most beautiful way to travel.","robots":{"index":"index","follow":"follow","max-snippet":"max-snippet:-1","max-image-preview":"max-image-preview:large","max-video-preview":"max-video-preview:-1"},"canonical":"https:\/\/senjafjordhotell.no\/en\/about\/getting-here\/arctic-bus-route-senja-tromso-senja\/","og_locale":"en_US","og_type":"article","og_title":"How to get to Senja - Senja direckt - Troms\u00f8 - Senja | Senja fjordhotell","og_description":"Want to visit the magical island of Senja? Take the direct bus from Tromso. The best and most beautiful way to travel.","og_url":"https:\/\/senjafjordhotell.no\/en\/about\/getting-here\/arctic-bus-route-senja-tromso-senja\/","og_site_name":"Senja fjordhotell","article_publisher":"https:\/\/www.facebook.com\/frovaghavfiske\/","article_modified_time":"2025-11-19T08:47:20+00:00","og_image":[{"width":1200,"height":900,"url":"https:\/\/senjafjordhotell.no\/wp-content\/uploads\/2024\/12\/buss-tromso-senja.jpeg","type":"image\/jpeg"}],"twitter_card":"summary_large_image","twitter_misc":{"Est. reading time":"2 minutes"},"schema":{"@context":"https:\/\/schema.org","@graph":[{"@type":"WebPage","@id":"https:\/\/senjafjordhotell.no\/en\/about\/getting-here\/arctic-bus-route-senja-tromso-senja\/","url":"https:\/\/senjafjordhotell.no\/en\/about\/getting-here\/arctic-bus-route-senja-tromso-senja\/","name":"How to get to Senja - Senja direckt - Troms\u00f8 - Senja | Senja fjordhotell","isPartOf":{"@id":"https:\/\/senjafjordhotell.no\/#website"},"primaryImageOfPage":{"@id":"https:\/\/senjafjordhotell.no\/en\/about\/getting-here\/arctic-bus-route-senja-tromso-senja\/#primaryimage"},"image":{"@id":"https:\/\/senjafjordhotell.no\/en\/about\/getting-here\/arctic-bus-route-senja-tromso-senja\/#primaryimage"},"thumbnailUrl":"https:\/\/senjafjordhotell.no\/wp-content\/uploads\/2024\/12\/buss-tromso-senja.jpeg","datePublished":"2024-12-16T10:23:00+00:00","dateModified":"2025-11-19T08:47:20+00:00","description":"Want to visit the magical island of Senja? Take the direct bus from Tromso. The best and most beautiful way to travel.","breadcrumb":{"@id":"https:\/\/senjafjordhotell.no\/en\/about\/getting-here\/arctic-bus-route-senja-tromso-senja\/#breadcrumb"},"inLanguage":"en-US","potentialAction":[{"@type":"ReadAction","target":["https:\/\/senjafjordhotell.no\/en\/about\/getting-here\/arctic-bus-route-senja-tromso-senja\/"]}]},{"@type":"ImageObject","inLanguage":"en-US","@id":"https:\/\/senjafjordhotell.no\/en\/about\/getting-here\/arctic-bus-route-senja-tromso-senja\/#primaryimage","url":"https:\/\/senjafjordhotell.no\/wp-content\/uploads\/2024\/12\/buss-tromso-senja.jpeg","contentUrl":"https:\/\/senjafjordhotell.no\/wp-content\/uploads\/2024\/12\/buss-tromso-senja.jpeg","width":1200,"height":900},{"@type":"BreadcrumbList","@id":"https:\/\/senjafjordhotell.no\/en\/about\/getting-here\/arctic-bus-route-senja-tromso-senja\/#breadcrumb","itemListElement":[{"@type":"ListItem","position":1,"name":"Home","item":"https:\/\/senjafjordhotell.no\/en\/"},{"@type":"ListItem","position":2,"name":"About us","item":"https:\/\/senjafjordhotell.no\/en\/about\/"},{"@type":"ListItem","position":3,"name":"Getting here","item":"https:\/\/senjafjordhotell.no\/en\/about\/getting-here\/"},{"@type":"ListItem","position":4,"name":"Senja direckt &#8211; Troms\u00f8 &#8211; Senja"}]},{"@type":"WebSite","@id":"https:\/\/senjafjordhotell.no\/#website","url":"https:\/\/senjafjordhotell.no\/","name":"Senja fjordhotell","description":"Idyllisk p\u00e5 vakre S\u00f8r-Senja","publisher":{"@id":"https:\/\/senjafjordhotell.no\/#organization"},"potentialAction":[{"@type":"SearchAction","target":{"@type":"EntryPoint","urlTemplate":"https:\/\/senjafjordhotell.no\/?s={search_term_string}"},"query-input":{"@type":"PropertyValueSpecification","valueRequired":true,"valueName":"search_term_string"}}],"inLanguage":"en-US"},{"@type":"Organization","@id":"https:\/\/senjafjordhotell.no\/#organization","name":"Senja fjordhotell & Frovag havfiske","url":"https:\/\/senjafjordhotell.no\/","logo":{"@type":"ImageObject","inLanguage":"en-US","@id":"https:\/\/senjafjordhotell.no\/#\/schema\/logo\/image\/","url":"https:\/\/senjafjordhotell.no\/wp-content\/uploads\/2025\/06\/logo-senja-fjordhotell.png","contentUrl":"https:\/\/senjafjordhotell.no\/wp-content\/uploads\/2025\/06\/logo-senja-fjordhotell.png","width":200,"height":182,"caption":"Senja fjordhotell & Frovag havfiske"},"image":{"@id":"https:\/\/senjafjordhotell.no\/#\/schema\/logo\/image\/"},"sameAs":["https:\/\/www.facebook.com\/frovaghavfiske\/","https:\/\/www.youtube.com\/channel\/UCiUTrcivGCDv_f0XDPJggFQ"]}]}},"_links":{"self":[{"href":"https:\/\/senjafjordhotell.no\/en\/wp-json\/wp\/v2\/pages\/5568","targetHints":{"allow":["GET"]}}],"collection":[{"href":"https:\/\/senjafjordhotell.no\/en\/wp-json\/wp\/v2\/pages"}],"about":[{"href":"https:\/\/senjafjordhotell.no\/en\/wp-json\/wp\/v2\/types\/page"}],"author":[{"embeddable":true,"href":"https:\/\/senjafjordhotell.no\/en\/wp-json\/wp\/v2\/users\/1"}],"replies":[{"embeddable":true,"href":"https:\/\/senjafjordhotell.no\/en\/wp-json\/wp\/v2\/comments?post=5568"}],"version-history":[{"count":4,"href":"https:\/\/senjafjordhotell.no\/en\/wp-json\/wp\/v2\/pages\/5568\/revisions"}],"predecessor-version":[{"id":5629,"href":"https:\/\/senjafjordhotell.no\/en\/wp-json\/wp\/v2\/pages\/5568\/revisions\/5629"}],"up":[{"embeddable":true,"href":"https:\/\/senjafjordhotell.no\/en\/wp-json\/wp\/v2\/pages\/690"}],"wp:featuredmedia":[{"embeddable":true,"href":"https:\/\/senjafjordhotell.no\/en\/wp-json\/wp\/v2\/media\/5562"}],"wp:attachment":[{"href":"https:\/\/senjafjordhotell.no\/en\/wp-json\/wp\/v2\/media?parent=5568"}],"curies":[{"name":"wp","href":"https:\/\/api.w.org\/{rel}","templated":true}]}}